{"id":242,"date":"2015-11-11T11:45:53","date_gmt":"2015-11-11T11:45:53","guid":{"rendered":"http:\/\/peppermint.dev.tontwerp.be\/?page_id=242"},"modified":"2017-06-27T06:39:26","modified_gmt":"2017-06-27T06:39:26","slug":"home","status":"publish","type":"page","link":"http:\/\/www.peppermint.be\/fr\/","title":{"rendered":"Home"},"content":{"rendered":"<h1 style=\"text-align: center;\">Pourquoi ne pas offrir \u00e0 votre marque une touche de <span>PeppeRmint<\/span> ?<\/h1>\n<p style=\"text-align: center;\">Il nous est impossible de rendre la morosit\u00e9 excitante, de transformer le sal\u00e9 en sucr\u00e9, mais nous savons comment r\u00e9v\u00e9ler l\u2019excellence de votre marque.<\/p>\n","protected":false},"excerpt":{"rendered":"<p>Pourquoi ne pas offrir \u00e0 votre marque une touche de PeppeRmint ? Il nous est impossible de rendre la morosit\u00e9 excitante, de transformer le sal\u00e9 en sucr\u00e9, mais nous savons comment r\u00e9v\u00e9ler l\u2019excellence de votre marque.<\/p>\n","protected":false},"author":1,"featured_media":0,"parent":0,"menu_order":0,"comment_status":"closed","ping_status":"closed","template":"template-home.php","meta":{"_mi_skip_tracking":false,"_monsterinsights_sitenote_active":false,"_monsterinsights_sitenote_note":"","_monsterinsights_sitenote_category":0},"_links":{"self":[{"href":"http:\/\/www.peppermint.be\/fr\/wp-json\/wp\/v2\/pages\/242"}],"collection":[{"href":"http:\/\/www.peppermint.be\/fr\/wp-json\/wp\/v2\/pages"}],"about":[{"href":"http:\/\/www.peppermint.be\/fr\/wp-json\/wp\/v2\/types\/page"}],"author":[{"embeddable":true,"href":"http:\/\/www.peppermint.be\/fr\/wp-json\/wp\/v2\/users\/1"}],"replies":[{"embeddable":true,"href":"http:\/\/www.peppermint.be\/fr\/wp-json\/wp\/v2\/comments?post=242"}],"version-history":[{"count":5,"href":"http:\/\/www.peppermint.be\/fr\/wp-json\/wp\/v2\/pages\/242\/revisions"}],"predecessor-version":[{"id":4451,"href":"http:\/\/www.peppermint.be\/fr\/wp-json\/wp\/v2\/pages\/242\/revisions\/4451"}],"wp:attachment":[{"href":"http:\/\/www.peppermint.be\/fr\/wp-json\/wp\/v2\/media?parent=242"}],"curies":[{"name":"wp","href":"https:\/\/api.w.org\/{rel}","templated":true}]}}