{"id":246,"date":"2015-11-17T20:23:01","date_gmt":"2015-11-17T20:23:01","guid":{"rendered":"http:\/\/peppermint.dev.tontwerp.be\/?page_id=246"},"modified":"2017-06-27T05:51:08","modified_gmt":"2017-06-27T05:51:08","slug":"pourquoi-peppermint","status":"publish","type":"page","link":"http:\/\/www.peppermint.be\/fr\/pourquoi-peppermint\/","title":{"rendered":"Pourquoi PeppeRmint ?"},"content":{"rendered":"<h3 style=\"text-align: center;\">La cr\u00e9ativit\u00e9, c\u2019est la cl\u00e9<\/h3>\n<p style=\"text-align: center;\">Chez PeppeRmint, nous bouillonnons d\u2019id\u00e9es cr\u00e9atives pour mettre \u00e0 l\u2019honneur votre marque de fa\u00e7on cr\u00e9dible, positive, mais aussi et surtout inoubliable<\/p>\n<p style=\"text-align: center;\">PeppeRmint est un gage de visibilit\u00e9 et de cr\u00e9dibilit\u00e9 pour votre entreprise, vos services ou vos produits, aupr\u00e8s de votre groupe cible. Il peut s\u2019agir de consommateurs, mais aussi de m\u00e9dias, d\u2019influenceurs ou d\u2019autres groupes d\u2019int\u00e9r\u00eat sp\u00e9cifique.<\/p>\n<p style=\"text-align: center;\">La communication n\u2019est pas une science exacte, c\u2019est pourquoi nous commen\u00e7ons par \u00e9couter attentivement vos souhaits et besoins. Ensuite, nous d\u00e9veloppons, sur base de votre expertise et de la n\u00f4tre, une strat\u00e9gie de communication \u00e0 360\u00b0, m\u00e9diag\u00e9nique et efficace. Et nous le faisons, qui plus est, avec un objectif de rentabilit\u00e9.<\/p>\n<h3 style=\"text-align: center;\">Mesurer, c\u2019est savoir<\/h3>\n<p style=\"text-align: center;\">Il est, \u00e0 nos yeux, extr\u00eamement important de mesurer le r\u00e9sultat de nos campagnes RP. PeppeRmint dispose \u00e0 cette fin d\u2019instruments de mesure sp\u00e9cifiques. Vous et nous savons ainsi avec pr\u00e9cision l\u2019impact de l\u2019action RP en termes de retour sur investissement.<\/p>\n<p style=\"text-align: center;\">Vous aussi, vous avez envie de d\u00e9couvrir comment nous pouvons faire la diff\u00e9rence pour votre marque\u00a0?<\/p>\n<p style=\"text-align: center;\">Envoyez un e-mail \u00e0 <a href=\"mailto:info@peppermint.be\">info@peppermint.be<\/a>, twittez sur <a href=\"http:\/\/twitter.com\/PeppeRmintBXL\">@PeppeRmintBXL<\/a> ou passez simplement nous rencontrer, autour d\u2019une tasse de caf\u00e9.<\/p>\n","protected":false},"excerpt":{"rendered":"<p>La cr\u00e9ativit\u00e9, c\u2019est la cl\u00e9 Chez PeppeRmint, nous bouillonnons d\u2019id\u00e9es cr\u00e9atives pour mettre \u00e0 l\u2019honneur votre marque de fa\u00e7on cr\u00e9dible, positive, mais aussi et surtout inoubliable PeppeRmint est un gage de visibilit\u00e9 et de cr\u00e9dibilit\u00e9 pour votre entreprise, vos services ou vos produits, aupr\u00e8s de votre groupe cible. Il peut s\u2019agir de consommateurs, mais aussi &hellip; <a href=\"http:\/\/www.peppermint.be\/fr\/pourquoi-peppermint\/\">Continued<\/a><\/p>\n","protected":false},"author":1,"featured_media":0,"parent":0,"menu_order":0,"comment_status":"closed","ping_status":"closed","template":"","meta":{"_mi_skip_tracking":false,"_monsterinsights_sitenote_active":false,"_monsterinsights_sitenote_note":"","_monsterinsights_sitenote_category":0},"_links":{"self":[{"href":"http:\/\/www.peppermint.be\/fr\/wp-json\/wp\/v2\/pages\/246"}],"collection":[{"href":"http:\/\/www.peppermint.be\/fr\/wp-json\/wp\/v2\/pages"}],"about":[{"href":"http:\/\/www.peppermint.be\/fr\/wp-json\/wp\/v2\/types\/page"}],"author":[{"embeddable":true,"href":"http:\/\/www.peppermint.be\/fr\/wp-json\/wp\/v2\/users\/1"}],"replies":[{"embeddable":true,"href":"http:\/\/www.peppermint.be\/fr\/wp-json\/wp\/v2\/comments?post=246"}],"version-history":[{"count":7,"href":"http:\/\/www.peppermint.be\/fr\/wp-json\/wp\/v2\/pages\/246\/revisions"}],"predecessor-version":[{"id":4429,"href":"http:\/\/www.peppermint.be\/fr\/wp-json\/wp\/v2\/pages\/246\/revisions\/4429"}],"wp:attachment":[{"href":"http:\/\/www.peppermint.be\/fr\/wp-json\/wp\/v2\/media?parent=246"}],"curies":[{"name":"wp","href":"https:\/\/api.w.org\/{rel}","templated":true}]}}