{"id":262,"date":"2015-11-17T20:37:06","date_gmt":"2015-11-17T20:37:06","guid":{"rendered":"http:\/\/peppermint.dev.tontwerp.be\/?page_id=262"},"modified":"2017-06-27T06:20:30","modified_gmt":"2017-06-27T06:20:30","slug":"jobs","status":"publish","type":"page","link":"http:\/\/www.peppermint.be\/fr\/jobs\/","title":{"rendered":"Jobs"},"content":{"rendered":"<p style=\"text-align: center;\">PeppeRmint ne cherche pas de nouveau collaborateur actuellement. Mais si vous \u00eates convaincu que votre profil peut apporter un plus \u00e0 notre agence et faire la diff\u00e9rence pour nos clients, vous pouvez toujours nous envoyer une candidature spontan\u00e9e \u00e0 l\u2019adresse <a href=\"mailto:mdemeulenaere@peppermint.be\">mdemeulenaere@peppermint.be<\/a><\/p>\n<p style=\"text-align: center;\">Si tu penses \u00eatre le stagiaire qu\u2019il nous faut: motiv\u00e9 et plein d\u2019entrain. Alors fait nous signe.<\/p>\n","protected":false},"excerpt":{"rendered":"<p>PeppeRmint ne cherche pas de nouveau collaborateur actuellement. Mais si vous \u00eates convaincu que votre profil peut apporter un plus \u00e0 notre agence et faire la diff\u00e9rence pour nos clients, vous pouvez toujours nous envoyer une candidature spontan\u00e9e \u00e0 l\u2019adresse mdemeulenaere@peppermint.be Si tu penses \u00eatre le stagiaire qu\u2019il nous faut: motiv\u00e9 et plein d\u2019entrain. Alors &hellip; <a href=\"http:\/\/www.peppermint.be\/fr\/jobs\/\">Continued<\/a><\/p>\n","protected":false},"author":1,"featured_media":0,"parent":0,"menu_order":0,"comment_status":"closed","ping_status":"closed","template":"template-header.php","meta":{"_mi_skip_tracking":false,"_monsterinsights_sitenote_active":false,"_monsterinsights_sitenote_note":"","_monsterinsights_sitenote_category":0},"_links":{"self":[{"href":"http:\/\/www.peppermint.be\/fr\/wp-json\/wp\/v2\/pages\/262"}],"collection":[{"href":"http:\/\/www.peppermint.be\/fr\/wp-json\/wp\/v2\/pages"}],"about":[{"href":"http:\/\/www.peppermint.be\/fr\/wp-json\/wp\/v2\/types\/page"}],"author":[{"embeddable":true,"href":"http:\/\/www.peppermint.be\/fr\/wp-json\/wp\/v2\/users\/1"}],"replies":[{"embeddable":true,"href":"http:\/\/www.peppermint.be\/fr\/wp-json\/wp\/v2\/comments?post=262"}],"version-history":[{"count":13,"href":"http:\/\/www.peppermint.be\/fr\/wp-json\/wp\/v2\/pages\/262\/revisions"}],"predecessor-version":[{"id":4326,"href":"http:\/\/www.peppermint.be\/fr\/wp-json\/wp\/v2\/pages\/262\/revisions\/4326"}],"wp:attachment":[{"href":"http:\/\/www.peppermint.be\/fr\/wp-json\/wp\/v2\/media?parent=262"}],"curies":[{"name":"wp","href":"https:\/\/api.w.org\/{rel}","templated":true}]}}