{"id":267,"date":"2015-11-25T12:23:44","date_gmt":"2015-11-25T12:23:44","guid":{"rendered":"http:\/\/peppermint.dev.tontwerp.be\/?page_id=267"},"modified":"2015-11-25T12:53:58","modified_gmt":"2015-11-25T12:53:58","slug":"presse","status":"publish","type":"page","link":"http:\/\/www.peppermint.be\/fr\/presse\/","title":{"rendered":"Presse"},"content":{"rendered":"<h3 style=\"text-align: center;\">En collaboration avec nos clients, nous participons \u00e0 la cr\u00e9ation de l\u2019actualit\u00e9.<br \/>\nUne s\u00e9lection parmi nos communiqu\u00e9s de presse.<\/h3>\n","protected":false},"excerpt":{"rendered":"<p>En collaboration avec nos clients, nous participons \u00e0 la cr\u00e9ation de l\u2019actualit\u00e9. Une s\u00e9lection parmi nos communiqu\u00e9s de presse.<\/p>\n","protected":false},"author":1,"featured_media":0,"parent":0,"menu_order":0,"comment_status":"closed","ping_status":"closed","template":"template-press.php","meta":{"_mi_skip_tracking":false,"_monsterinsights_sitenote_active":false,"_monsterinsights_sitenote_note":"","_monsterinsights_sitenote_category":0},"_links":{"self":[{"href":"http:\/\/www.peppermint.be\/fr\/wp-json\/wp\/v2\/pages\/267"}],"collection":[{"href":"http:\/\/www.peppermint.be\/fr\/wp-json\/wp\/v2\/pages"}],"about":[{"href":"http:\/\/www.peppermint.be\/fr\/wp-json\/wp\/v2\/types\/page"}],"author":[{"embeddable":true,"href":"http:\/\/www.peppermint.be\/fr\/wp-json\/wp\/v2\/users\/1"}],"replies":[{"embeddable":true,"href":"http:\/\/www.peppermint.be\/fr\/wp-json\/wp\/v2\/comments?post=267"}],"version-history":[{"count":1,"href":"http:\/\/www.peppermint.be\/fr\/wp-json\/wp\/v2\/pages\/267\/revisions"}],"predecessor-version":[{"id":268,"href":"http:\/\/www.peppermint.be\/fr\/wp-json\/wp\/v2\/pages\/267\/revisions\/268"}],"wp:attachment":[{"href":"http:\/\/www.peppermint.be\/fr\/wp-json\/wp\/v2\/media?parent=267"}],"curies":[{"name":"wp","href":"https:\/\/api.w.org\/{rel}","templated":true}]}}